{"id":19,"date":"2023-02-04T16:24:45","date_gmt":"2023-02-04T16:24:45","guid":{"rendered":"http:\/\/www.senadenetim.com\/web\/contact\/"},"modified":"2024-03-05T07:25:29","modified_gmt":"2024-03-05T07:25:29","slug":"contact","status":"publish","type":"page","link":"https:\/\/www.senadenetim.com\/web\/contact\/","title":{"rendered":"\u0130leti\u015fim"},"content":{"rendered":"\n\n\n\n\n\n\n\n\n\n\nMESAJ G\u00d6NDER\u0130N\n\n\n\n\n\n\n\n\n\nsena mali m\u00fc\u015favirlik ltd \u015fti\n<h4>Adres&nbsp;<\/h4>\n<h4><\/h4><strong>Battalgazi, Pa\u015fak\u00f6y Cd. NO: 55\/1, 34935 Sultanbeyli\/\u0130stanbul&nbsp;<\/strong>\n<h4>Telefon<\/h4>\n<h4>0536 671 87 14<\/h4>\n<h4>Email :&nbsp;<\/h4>\n<h4><\/h4>info@senadenetim.com&nbsp;\n\n\n\n\n\n\nBattalgazi Mh. Pa\u015fak\u00f6y Cd. No:55\/1 Sultanbeyli-istanbul , 34935\n\n\n\n\n<h2>Mali dan\u0131\u015fmanl\u0131\u011f\u0131n\u0131z i\u00e7in Yard\u0131ma m\u0131 ihtiyac\u0131n\u0131z var?<\/h2>\n<p style=\"text-align: center\">Sena Denetim ve Mali M\u00fc\u015favirlik Bir Telefon Kadar Yak\u0131n L\u00fctfen Bizimle \u0130leti\u015fime Ge\u00e7iniz.<\/p>\n\n\n\n\n","protected":false},"excerpt":{"rendered":"","protected":false},"author":0,"featured_media":0,"parent":0,"menu_order":0,"comment_status":"closed","ping_status":"closed","template":"","meta":{"footnotes":""},"class_list":["post-19","page","type-page","status-publish","hentry"],"_links":{"self":[{"href":"https:\/\/www.senadenetim.com\/web\/wp-json\/wp\/v2\/pages\/19","targetHints":{"allow":["GET"]}}],"collection":[{"href":"https:\/\/www.senadenetim.com\/web\/wp-json\/wp\/v2\/pages"}],"about":[{"href":"https:\/\/www.senadenetim.com\/web\/wp-json\/wp\/v2\/types\/page"}],"replies":[{"embeddable":true,"href":"https:\/\/www.senadenetim.com\/web\/wp-json\/wp\/v2\/comments?post=19"}],"version-history":[{"count":5,"href":"https:\/\/www.senadenetim.com\/web\/wp-json\/wp\/v2\/pages\/19\/revisions"}],"predecessor-version":[{"id":104,"href":"https:\/\/www.senadenetim.com\/web\/wp-json\/wp\/v2\/pages\/19\/revisions\/104"}],"wp:attachment":[{"href":"https:\/\/www.senadenetim.com\/web\/wp-json\/wp\/v2\/media?parent=19"}],"curies":[{"name":"wp","href":"https:\/\/api.w.org\/{rel}","templated":true}]}}