{"id":20,"date":"2023-02-04T16:24:46","date_gmt":"2023-02-04T16:24:46","guid":{"rendered":"http:\/\/www.senadenetim.com\/web\/services\/"},"modified":"2024-03-05T07:15:54","modified_gmt":"2024-03-05T07:15:54","slug":"services","status":"publish","type":"page","link":"https:\/\/www.senadenetim.com\/web\/services\/","title":{"rendered":"Faaliyetlerimiz"},"content":{"rendered":"\n\n\n\n\n\n\n\n\n\n\n<h6><font style=\"vertical-align: inherit;\"><font style=\"vertical-align: inherit;\">Sena Denetim<\/font><\/font><\/h6>\n<h2><font color=\"#2a83f9\">Verilen Hizmetlerimiz<\/font><\/h2>\n<h4>Ba\u015fl\u0131ca Hizmetlerimiz<\/h4>\n\n\n\n\n<p class=\"MsoNormal\"><i><span style=\"font-family: Verdana, sans-serif;\">\u015eirket\nkurulu\u015fu ve Ana S\u00f6zle\u015fmenin haz\u0131rlanmas\u0131<o:p><\/o:p><\/span><\/i><\/p><p class=\"MsoNormal\"><i><span style=\"font-family: Verdana, sans-serif;\">Genel\nKurul Toplant\u0131lar\u0131n\u0131n Yap\u0131lmas\u0131<o:p><\/o:p><\/span><\/i><\/p><p class=\"MsoNormal\"><i><span style=\"font-family: Verdana, sans-serif;\">Yabanc\u0131\n\u015eirketlerin Kurulmas\u0131<o:p><\/o:p><\/span><\/i><\/p><p class=\"MsoNormal\"><i><span style=\"font-family: Verdana, sans-serif;\">Sermaye\nart\u0131r\u0131mlar\u0131 ve \u0130ndirimleri<o:p><\/o:p><\/span><\/i><\/p><p class=\"MsoNormal\"><i><span style=\"font-family: Verdana, sans-serif;\">&nbsp;\u015eirket Tasfiye<o:p><\/o:p><\/span><\/i><\/p><p class=\"MsoNormal\"><i><span style=\"font-family: Verdana, sans-serif;\">Nevi\nDe\u011fi\u015fiklikleri <o:p><\/o:p><\/span><\/i><\/p><p>\n\n\n\n\n\n\n\n\n\n\n\n<\/p><p class=\"MsoNormal\"><i><span style=\"font-family: Verdana, sans-serif;\">\u015eah\u0131s\n\u015eirketi Kurulmas\u0131<o:p><\/o:p><\/span><\/i><\/p>\n<p class=\"MsoNormal\"><i><span style=\"font-family: Verdana, sans-serif;\">K\u0131dem\ntazminat\u0131 , ihbar tazminat\u0131 hesaplama,<o:p><\/o:p><\/span><\/i><\/p><p>\n\n<\/p><p class=\"MsoNormal\"><i><span style=\"font-family: Verdana, sans-serif;\">Emeklilik\n,<o:p><\/o:p><\/span><\/i><\/p>\n\n\n<p class=\"MsoNormal\"><i><span style=\"font-family: Verdana, sans-serif;\">Beyanname\nKontrol <o:p><\/o:p><\/span><\/i><\/p><p class=\"MsoNormal\"><i><span style=\"font-family: Verdana, sans-serif;\">\u015eirketlerin\nDenetimi<o:p><\/o:p><\/span><\/i><\/p><p>\n\n\n\n<\/p><p class=\"MsoNormal\"><i><span style=\"font-family: Verdana, sans-serif;\">\u0130\u00e7\ndenetim<\/span><\/i><\/p><p class=\"MsoNormal\"><i><span style=\"font-family: Verdana, sans-serif;\"><br><\/span><\/i><\/p><p class=\"MsoNormal\"><i><span style=\"font-family: Verdana, sans-serif;\"><br><\/span><\/i><\/p><p class=\"MsoNormal\"><i><span style=\"font-family: Verdana, sans-serif;\"><br><\/span><\/i><\/p><p class=\"MsoNormal\"><i><span style=\"font-family: Verdana, sans-serif;\">&nbsp;<o:p><\/o:p><\/span><\/i><\/p>\n<p class=\"MsoNormal\"><i><span style=\"font-family: Verdana, sans-serif;\">Mali\nM\u00fc\u015favirlik hizmetlerimizi toplumsal sorumluluk do\u011frultusunda, m\u00fc\u015fterilerimizin\nihtiya\u00e7 duyduklar\u0131 anda ve nitelikte sunmak i\u00e7in u\u011fra\u015f\u0131yoruz.<o:p><\/o:p><\/span><\/i><\/p>\n\n\n<p class=\"MsoNormal\"><i><span style=\"font-family: Verdana, sans-serif;\">Muhasebe\nsistem kurulumu dan\u0131\u015fmanl\u0131\u011f\u0131, <o:p><\/o:p><\/span><\/i><\/p><p class=\"MsoNormal\"><i><span style=\"font-family: Verdana, sans-serif;\">Te\u015fvikler\nhizmetleri <o:p><\/o:p><\/span><\/i><\/p><p>\n\n\n\n<\/p><p class=\"MsoNormal\"><i><span style=\"font-family: Verdana, sans-serif;\">Emeklilik\ndan\u0131\u015fmanl\u0131\u011f\u0131<\/span><\/i><\/p><p class=\"MsoNormal\"><i><span style=\"font-family: Verdana, sans-serif;\"><br><\/span><\/i><\/p><p class=\"MsoNormal\"><i><span style=\"font-family: Verdana, sans-serif;\"><br><\/span><\/i><\/p><p class=\"MsoNormal\"><i><span style=\"font-family: Verdana, sans-serif;\"><br><\/span><\/i><\/p><p class=\"MsoNormal\"><i><span style=\"font-family: Verdana, sans-serif;\">&nbsp;<o:p><\/o:p><\/span><\/i><\/p>\n<p class=\"MsoNormal\"><i><span style=\"font-family: Verdana, sans-serif;\">Mali\nM\u00fc\u015favirlik hizmetlerimizi toplumsal sorumluluk do\u011frultusunda, m\u00fc\u015fterilerimizin\nihtiya\u00e7 duyduklar\u0131 anda ve nitelikte sunmak i\u00e7in u\u011fra\u015f\u0131yoruz.<o:p><\/o:p><\/span><\/i><\/p>\n\n\n\n\n\n\n\n\n\n\n\n\n\n\n\n\n\n\n\n\n\n\n\n\n\n\n\n\n\n\n\n\n\n\n\n\n\n\n\n\n\n\n\n\n\n\n\n\n\n\n<h6>Our Analisys is Your<\/h6>\n<h2><span style=\"color: #2A83F9\">ANALISYS <\/span> Services<\/h2>\n<h4>Analisys of Financial Documents<\/h4>\n\n\n\n\n\n\n<p style=\"font-size: 16px\">Aenaen massa, Cum soolis natoque penatibus montes nascetur ridiculus mus.<\/p>\n\n\n\n\n<p style=\"font-size: 16px\">Aenaen massa, Cum soolis natoque penatibus montes nascetur ridiculus mus.<\/p>\n\n\n\n\n<p style=\"font-size: 16px\">Aenaen massa, Cum soolis natoque penatibus montes nascetur ridiculus mus.<\/p>\n\n\n\n\n","protected":false},"excerpt":{"rendered":"","protected":false},"author":0,"featured_media":0,"parent":0,"menu_order":0,"comment_status":"closed","ping_status":"closed","template":"","meta":{"footnotes":""},"class_list":["post-20","page","type-page","status-publish","hentry"],"_links":{"self":[{"href":"https:\/\/www.senadenetim.com\/web\/wp-json\/wp\/v2\/pages\/20","targetHints":{"allow":["GET"]}}],"collection":[{"href":"https:\/\/www.senadenetim.com\/web\/wp-json\/wp\/v2\/pages"}],"about":[{"href":"https:\/\/www.senadenetim.com\/web\/wp-json\/wp\/v2\/types\/page"}],"replies":[{"embeddable":true,"href":"https:\/\/www.senadenetim.com\/web\/wp-json\/wp\/v2\/comments?post=20"}],"version-history":[{"count":2,"href":"https:\/\/www.senadenetim.com\/web\/wp-json\/wp\/v2\/pages\/20\/revisions"}],"predecessor-version":[{"id":102,"href":"https:\/\/www.senadenetim.com\/web\/wp-json\/wp\/v2\/pages\/20\/revisions\/102"}],"wp:attachment":[{"href":"https:\/\/www.senadenetim.com\/web\/wp-json\/wp\/v2\/media?parent=20"}],"curies":[{"name":"wp","href":"https:\/\/api.w.org\/{rel}","templated":true}]}}