{"id":21,"date":"2023-02-04T16:24:46","date_gmt":"2023-02-04T16:24:46","guid":{"rendered":"http:\/\/www.senadenetim.com\/web\/about\/"},"modified":"2024-03-05T07:14:10","modified_gmt":"2024-03-05T07:14:10","slug":"about","status":"publish","type":"page","link":"https:\/\/www.senadenetim.com\/web\/","title":{"rendered":"Hakk\u0131m\u0131zda"},"content":{"rendered":"\n\n\n\n\n\n\n\n\n\n\n<h6>Our Analisys is Your<\/h6>\n<h2><span style=\"color: #2A83F9\">SENA DENET\u0130M&nbsp;<\/span> Mali M\u00fc\u015favirlik Hizmetleri<\/h2>\n<h4>Faaliyet alanlar\u0131m\u0131z<\/h4>\n\n\n\n\n<p class=\"MsoNormal\"><i><span style=\"font-family: Verdana, sans-serif;\">\u015eirket\nkurulu\u015fu ve Ana S\u00f6zle\u015fmenin haz\u0131rlanmas\u0131<o:p><\/o:p><\/span><\/i><\/p><p class=\"MsoNormal\"><i><span style=\"font-family: Verdana, sans-serif;\">Genel\nKurul Toplant\u0131lar\u0131n\u0131n Yap\u0131lmas\u0131<o:p><\/o:p><\/span><\/i><\/p><p class=\"MsoNormal\"><i><span style=\"font-family: Verdana, sans-serif;\">Yabanc\u0131\n\u015eirketlerin Kurulmas\u0131<o:p><\/o:p><\/span><\/i><\/p><p class=\"MsoNormal\"><i><span style=\"font-family: Verdana, sans-serif;\">Sermaye\nart\u0131r\u0131mlar\u0131 ve \u0130ndirimleri<o:p><\/o:p><\/span><\/i><\/p><p class=\"MsoNormal\"><i><span style=\"font-family: Verdana, sans-serif;\">&nbsp;\u015eirket Tasfiye<o:p><\/o:p><\/span><\/i><\/p><p class=\"MsoNormal\"><i><span style=\"font-family: Verdana, sans-serif;\">Nevi\nDe\u011fi\u015fiklikleri <o:p><\/o:p><\/span><\/i><\/p><p>\n\n\n\n\n\n\n\n\n\n\n\n<\/p><p class=\"MsoNormal\"><i><span style=\"font-family: Verdana, sans-serif;\">\u015eah\u0131s\n\u015eirketi Kurulmas\u0131<o:p><\/o:p><\/span><\/i><\/p>\n<p class=\"MsoNormal\"><i><span style=\"font-family: Verdana, sans-serif;\">K\u0131dem\ntazminat\u0131 , ihbar tazminat\u0131 hesaplama,<o:p><\/o:p><\/span><\/i><\/p><p>\n\n<\/p><p class=\"MsoNormal\"><i><span style=\"font-family: Verdana, sans-serif;\">Emeklilik\n,<o:p><\/o:p><\/span><\/i><\/p>\n\n\n<p class=\"MsoNormal\"><i><span style=\"font-family: Verdana, sans-serif;\">Beyanname\nKontrol <o:p><\/o:p><\/span><\/i><\/p><p class=\"MsoNormal\"><i><span style=\"font-family: Verdana, sans-serif;\">\u015eirketlerin\nDenetimi<o:p><\/o:p><\/span><\/i><\/p><p>\n\n\n\n<\/p><p class=\"MsoNormal\"><i><span style=\"font-family: Verdana, sans-serif;\">\u0130\u00e7\ndenetim&nbsp;<o:p><\/o:p><\/span><\/i><\/p>\n<p class=\"MsoNormal\"><i><span style=\"font-family: Verdana, sans-serif;\">Mali\nM\u00fc\u015favirlik hizmetlerimizi toplumsal sorumluluk do\u011frultusunda, m\u00fc\u015fterilerimizin\nihtiya\u00e7 duyduklar\u0131 anda ve nitelikte sunmak i\u00e7in u\u011fra\u015f\u0131yoruz.<o:p><\/o:p><\/span><\/i><\/p>\n\n\n<p class=\"MsoNormal\"><i><span style=\"font-family: Verdana, sans-serif;\">Muhasebe\nsistem kurulumu dan\u0131\u015fmanl\u0131\u011f\u0131, <o:p><\/o:p><\/span><\/i><\/p><p class=\"MsoNormal\"><i><span style=\"font-family: Verdana, sans-serif;\">Te\u015fvikler\nhizmetleri <o:p><\/o:p><\/span><\/i><\/p><p>\n\n\n\n<\/p><p class=\"MsoNormal\"><i><span style=\"font-family: Verdana, sans-serif;\">Emeklilik\ndan\u0131\u015fmanl\u0131\u011f\u0131&nbsp;<o:p><\/o:p><\/span><\/i><\/p>\n<p class=\"MsoNormal\"><i><span style=\"font-family: Verdana, sans-serif;\">Mali\nM\u00fc\u015favirlik hizmetlerimizi toplumsal sorumluluk do\u011frultusunda, m\u00fc\u015fterilerimizin\nihtiya\u00e7 duyduklar\u0131 anda ve nitelikte sunmak i\u00e7in u\u011fra\u015f\u0131yoruz.<o:p><\/o:p><\/span><\/i><\/p>\n\n\n\n\n\n\n\nGSM:\n<h2>\u015eirketinizi bir sonraki seviyeye ta\u015f\u0131y\u0131n\nHemen Ba\u015flay\u0131n<\/h2>\n<h5><p class=\"MsoNormal\"><i><span style=\"font-family:&quot;Verdana&quot;,sans-serif;color:black\"><font style=\"vertical-align: inherit;\"><font style=\"vertical-align: inherit; color: rgb(255, 255, 255);\">+90 533 663 17 59 WhatsApp<\/font><\/font><o:p><\/o:p><\/span><\/i><\/p><\/h5>\n\n\n\n\n<h6>Sayfa \u0130statistikleri<\/h6>\n<h2><span style=\"color: #2A83F9\">Sena Denetim <\/span> \u0130statistikler<\/h2>\n<h4>Sayfalar\u0131n analizi<\/h4>\n\n\n\n\n\n\n\n\n\n\n\n\n\n\n\n\n\n\n\n\n\n\n\n\n\n\n\n\n\n\n\n\n\n\n\n\n\n\n\n\n\n\n\n\n\n\n\n\n","protected":false},"excerpt":{"rendered":"","protected":false},"author":0,"featured_media":0,"parent":0,"menu_order":0,"comment_status":"closed","ping_status":"closed","template":"","meta":{"footnotes":""},"class_list":["post-21","page","type-page","status-publish","hentry"],"_links":{"self":[{"href":"https:\/\/www.senadenetim.com\/web\/wp-json\/wp\/v2\/pages\/21","targetHints":{"allow":["GET"]}}],"collection":[{"href":"https:\/\/www.senadenetim.com\/web\/wp-json\/wp\/v2\/pages"}],"about":[{"href":"https:\/\/www.senadenetim.com\/web\/wp-json\/wp\/v2\/types\/page"}],"replies":[{"embeddable":true,"href":"https:\/\/www.senadenetim.com\/web\/wp-json\/wp\/v2\/comments?post=21"}],"version-history":[{"count":18,"href":"https:\/\/www.senadenetim.com\/web\/wp-json\/wp\/v2\/pages\/21\/revisions"}],"predecessor-version":[{"id":101,"href":"https:\/\/www.senadenetim.com\/web\/wp-json\/wp\/v2\/pages\/21\/revisions\/101"}],"wp:attachment":[{"href":"https:\/\/www.senadenetim.com\/web\/wp-json\/wp\/v2\/media?parent=21"}],"curies":[{"name":"wp","href":"https:\/\/api.w.org\/{rel}","templated":true}]}}