{"id":22,"date":"2023-02-04T16:24:46","date_gmt":"2023-02-04T16:24:46","guid":{"rendered":"http:\/\/www.senadenetim.com\/web\/home\/"},"modified":"2024-03-05T07:08:01","modified_gmt":"2024-03-05T07:08:01","slug":"home","status":"publish","type":"page","link":"https:\/\/www.senadenetim.com\/web\/home\/","title":{"rendered":"Anasayfa"},"content":{"rendered":"\n\n\n\n\n<p class=\"MsoNormal\" style=\"background-color: rgb(254, 254, 254);\"><i><span style=\"font-family: Verdana, sans-serif;\"><font style=\"vertical-align: inherit;\"><font style=\"vertical-align: inherit;\">\u015eirket ko\u015fullar\u0131 ve Ana S\u00f6zle\u015fmenin haz\u0131rlanmas\u0131<\/font><\/font><o:p><\/o:p><\/span><\/i><\/p><p class=\"MsoNormal\" style=\"background-color: rgb(254, 254, 254);\"><i><span style=\"font-family: Verdana, sans-serif;\"><font style=\"vertical-align: inherit;\"><font style=\"vertical-align: inherit;\">Genel Kurul Toplant\u0131lar\u0131n\u0131n Yap\u0131lmas\u0131<\/font><\/font><o:p><\/o:p><\/span><\/i><\/p><p class=\"MsoNormal\" style=\"background-color: rgb(254, 254, 254);\"><i><span style=\"font-family: Verdana, sans-serif;\"><font style=\"vertical-align: inherit;\"><font style=\"vertical-align: inherit;\">Yabanc\u0131 \u015eirketlerin Kurulmas\u0131<\/font><\/font><o:p><\/o:p><\/span><\/i><\/p><p class=\"MsoNormal\" style=\"background-color: rgb(254, 254, 254);\"><i><span style=\"font-family: Verdana, sans-serif;\"><font style=\"vertical-align: inherit;\"><font style=\"vertical-align: inherit;\">Sermaye art\u0131r\u0131mlar\u0131 ve \u0130ndirimleri<\/font><\/font><o:p><\/o:p><\/span><\/i><\/p><p class=\"MsoNormal\" style=\"background-color: rgb(254, 254, 254);\"><i><span style=\"font-family: Verdana, sans-serif;\">&nbsp;<font style=\"vertical-align: inherit;\"><font style=\"vertical-align: inherit;\">\u015eirket Tasfiye<\/font><\/font><o:p><\/o:p><\/span><\/i><\/p><p class=\"MsoNormal\" style=\"background-color: rgb(254, 254, 254);\"><i><span style=\"font-family: Verdana, sans-serif;\"><font style=\"vertical-align: inherit;\"><font style=\"vertical-align: inherit;\">Nevi d\u00fczeltmeleri<\/font><\/font><o:p><\/o:p><\/span><\/i><\/p><p style=\"background-color: rgb(254, 254, 254);\"><\/p><p class=\"MsoNormal\" style=\"background-color: rgb(254, 254, 254);\"><i><span style=\"font-family: Verdana, sans-serif;\">\u015eah\u0131s \u015eirketi Kurulmas\u0131<\/span><\/i><\/p>\n\n\n<p class=\"MsoNormal\"><i><span style=\"font-family: Verdana, sans-serif;\"><font style=\"vertical-align: inherit;\"><font style=\"vertical-align: inherit;\">Beyanname Kontrol<\/font><\/font><o:p><\/o:p><\/span><\/i><\/p><p class=\"MsoNormal\"><i><span style=\"font-family: Verdana, sans-serif;\"><font style=\"vertical-align: inherit;\"><font style=\"vertical-align: inherit;\">\u015eirketlerin Denetimi<\/font><\/font><o:p><\/o:p><\/span><\/i><\/p><p>\n\n\n\n<\/p><p class=\"MsoNormal\"><i><span style=\"font-family: Verdana, sans-serif;\"><font style=\"vertical-align: inherit;\"><font style=\"vertical-align: inherit;\">\u0130\u00e7 denetim<\/font><\/font><\/span><\/i><\/p><p class=\"MsoNormal\"><i><span style=\"font-family: Verdana, sans-serif;\"><font style=\"vertical-align: inherit;\"><font style=\"vertical-align: inherit;\"><br><\/font><\/font><\/span><\/i><\/p><p class=\"MsoNormal\"><i><span style=\"font-family: Verdana, sans-serif;\"><font style=\"vertical-align: inherit;\"><font style=\"vertical-align: inherit;\"><br><\/font><\/font><\/span><\/i><\/p><p class=\"MsoNormal\"><i><span style=\"font-family: Verdana, sans-serif;\"><font style=\"vertical-align: inherit;\"><font style=\"vertical-align: inherit;\"><br><\/font><\/font><\/span><\/i><\/p><p class=\"MsoNormal\"><i><span style=\"font-family: Verdana, sans-serif;\"><font style=\"vertical-align: inherit;\"><font style=\"vertical-align: inherit;\"><br><\/font><\/font><\/span><\/i><\/p><p class=\"MsoNormal\"><i><span style=\"font-family: Verdana, sans-serif;\"><font style=\"vertical-align: inherit;\"><font style=\"vertical-align: inherit;\"><br><\/font><\/font><\/span><\/i><\/p><p class=\"MsoNormal\"><i><span style=\"font-family: Verdana, sans-serif;\">&nbsp;<o:p><\/o:p><\/span><\/i><\/p>\n\n\n<p class=\"MsoNormal\"><i><span style=\"font-family: Verdana, sans-serif;\">Muhasebe\nsistem kurulumu dan\u0131\u015fmanl\u0131\u011f\u0131, <o:p><\/o:p><\/span><\/i><\/p><p class=\"MsoNormal\"><i><span style=\"font-family: Verdana, sans-serif;\">Te\u015fvikler\nhizmetleri <o:p><\/o:p><\/span><\/i><\/p><p>\n\n\n\n<\/p><p class=\"MsoNormal\"><i><span style=\"font-family: Verdana, sans-serif;\">Emeklilik\ndan\u0131\u015fmanl\u0131\u011f\u0131<\/span><\/i><\/p><p class=\"MsoNormal\"><i><span style=\"font-family: Verdana, sans-serif;\"><br><\/span><\/i><\/p><p class=\"MsoNormal\"><i><span style=\"font-family: Verdana, sans-serif;\"><br><\/span><\/i><\/p><p class=\"MsoNormal\"><i><span style=\"font-family: Verdana, sans-serif;\"><br><\/span><\/i><\/p><p class=\"MsoNormal\"><i><span style=\"font-family: Verdana, sans-serif;\"><br><\/span><\/i><\/p><p class=\"MsoNormal\"><i><span style=\"font-family: Verdana, sans-serif;\">&nbsp;<o:p><\/o:p><\/span><\/i><\/p>\n\n\n<p class=\"MsoNormal\"><i><span style=\"font-family: Verdana, sans-serif;\">K\u0131dem\ntazminat\u0131 , ihbar tazminat\u0131 hesaplama,<o:p><\/o:p><\/span><\/i><\/p><p>\n\n<\/p><p class=\"MsoNormal\"><i><span style=\"font-family: Verdana, sans-serif;\">Emeklilik\n,<o:p><\/o:p><\/span><\/i><\/p>\n\n\n\n\n","protected":false},"excerpt":{"rendered":"","protected":false},"author":0,"featured_media":0,"parent":0,"menu_order":0,"comment_status":"closed","ping_status":"closed","template":"","meta":{"footnotes":""},"class_list":["post-22","page","type-page","status-publish","hentry"],"_links":{"self":[{"href":"https:\/\/www.senadenetim.com\/web\/wp-json\/wp\/v2\/pages\/22","targetHints":{"allow":["GET"]}}],"collection":[{"href":"https:\/\/www.senadenetim.com\/web\/wp-json\/wp\/v2\/pages"}],"about":[{"href":"https:\/\/www.senadenetim.com\/web\/wp-json\/wp\/v2\/types\/page"}],"replies":[{"embeddable":true,"href":"https:\/\/www.senadenetim.com\/web\/wp-json\/wp\/v2\/comments?post=22"}],"version-history":[{"count":3,"href":"https:\/\/www.senadenetim.com\/web\/wp-json\/wp\/v2\/pages\/22\/revisions"}],"predecessor-version":[{"id":98,"href":"https:\/\/www.senadenetim.com\/web\/wp-json\/wp\/v2\/pages\/22\/revisions\/98"}],"wp:attachment":[{"href":"https:\/\/www.senadenetim.com\/web\/wp-json\/wp\/v2\/media?parent=22"}],"curies":[{"name":"wp","href":"https:\/\/api.w.org\/{rel}","templated":true}]}}